{"id":229,"date":"2024-11-05T07:24:20","date_gmt":"2024-11-05T10:24:20","guid":{"rendered":"https:\/\/arkdata.com.br\/cb\/?page_id=229"},"modified":"2026-01-21T15:42:57","modified_gmt":"2026-01-21T18:42:57","slug":"termos-de-uso","status":"publish","type":"page","link":"https:\/\/arkdata.com.br\/cb\/termos-de-uso\/","title":{"rendered":"Termos de Uso"},"content":{"rendered":"\t\t<div data-elementor-type=\"wp-page\" data-elementor-id=\"229\" class=\"elementor elementor-229\" data-elementor-post-type=\"page\">\n\t\t\t\t<div class=\"elementor-element elementor-element-b82f5e8 e-flex e-con-boxed e-con e-parent\" data-id=\"b82f5e8\" data-element_type=\"container\">\n\t\t\t\t\t<div class=\"e-con-inner\">\n\t\t\t\t<div class=\"elementor-element elementor-element-d1367aa elementor-widget elementor-widget-heading\" data-id=\"d1367aa\" data-element_type=\"widget\" data-widget_type=\"heading.default\">\n\t\t\t\t<div class=\"elementor-widget-container\">\n\t\t\t<h2 class=\"elementor-heading-title elementor-size-default\">Termos de Uso<\/h2>\t\t<\/div>\n\t\t\t\t<\/div>\n\t\t\t\t<div class=\"elementor-element elementor-element-d6ab9b7 elementor-widget elementor-widget-text-editor\" data-id=\"d6ab9b7\" data-element_type=\"widget\" data-widget_type=\"text-editor.default\">\n\t\t\t\t<div class=\"elementor-widget-container\">\n\t\t\t\t\t\t\t<p><span style=\"color: var( --e-global-color-secondary );\"><br \/>Bem-vindo ao site da\u00a0<\/span>ARK CB<span style=\"color: var( --e-global-color-secondary );\">. Ao acessar e utilizar nosso site, voc\u00ea concorda em cumprir e ser regido pelos seguintes Termos de Uso. Se voc\u00ea n\u00e3o concordar com estes termos, por favor, n\u00e3o utilize nosso site.<\/span><\/p><ol><li><strong> Uso do Site<\/strong>\u00a0Voc\u00ea concorda em usar nosso site apenas para fins legais e de acordo com estes Termos de Uso. \u00c9 proibido usar nosso site para:<\/li><\/ol><ul><li>Realizar atividades fraudulentas, il\u00edcitas ou prejudiciais;<\/li><li>Interferir com o funcionamento adequado do site ou tentar acessar \u00e1reas restritas sem autoriza\u00e7\u00e3o;<\/li><li>Transmitir qualquer material que seja ofensivo, difamat\u00f3rio ou que infrinja os direitos de terceiros.<br \/><br \/><\/li><\/ul><ol start=\"2\"><li><strong> Propriedade Intelectual<\/strong> Todo o conte\u00fado dispon\u00edvel neste site, incluindo, mas n\u00e3o limitado a textos, gr\u00e1ficos, logotipos, \u00edcones, imagens, software e outros materiais, \u00e9 de propriedade da ARK CB ou de seus licenciadores e est\u00e1 protegido por leis de direitos autorais e outras leis de propriedade intelectual. Voc\u00ea n\u00e3o tem permiss\u00e3o para copiar, modificar, distribuir, vender ou explorar comercialmente qualquer conte\u00fado deste site sem o consentimento pr\u00e9vio por escrito da ARK CB.<br \/><br \/><\/li><li><strong> Conta de Usu\u00e1rio<\/strong> Para acessar certos recursos do nosso site, voc\u00ea pode ser solicitado a criar uma conta. Voc\u00ea \u00e9 respons\u00e1vel por manter a confidencialidade das informa\u00e7\u00f5es da sua conta e por todas as atividades que ocorram sob sua conta. Notifique-nos imediatamente em caso de uso n\u00e3o autorizado da sua conta.<br \/><br \/><\/li><li><strong> Limita\u00e7\u00e3o de Responsabilidade<\/strong> A ARK CB n\u00e3o se responsabiliza por quaisquer danos diretos, indiretos, incidentais, especiais ou consequenciais decorrentes do uso ou da incapacidade de usar este site, incluindo, mas n\u00e3o se limitando a, danos por perda de lucros, uso, dados ou outros intang\u00edveis. N\u00f3s n\u00e3o garantimos que o site estar\u00e1 dispon\u00edvel de forma ininterrupta, segura ou livre de erros.<br \/><br \/><\/li><li><strong> Links para Sites de Terceiros<\/strong> Nosso site pode conter links para sites de terceiros que n\u00e3o s\u00e3o operados pela ARK CB. Esses links s\u00e3o fornecidos apenas para sua conveni\u00eancia, e a ARK CB n\u00e3o se responsabiliza pelo conte\u00fado ou pelas pr\u00e1ticas de privacidade desses sites. Recomendamos que voc\u00ea revise os termos de uso e pol\u00edticas de privacidade de qualquer site de terceiros que visitar.<br \/><br \/><\/li><li><strong> Modifica\u00e7\u00f5es nos Termos de Uso<\/strong> A ARK CB se reserva o direito de modificar estes Termos de Uso a qualquer momento. Quaisquer altera\u00e7\u00f5es entrar\u00e3o em vigor imediatamente ap\u00f3s a publica\u00e7\u00e3o dos termos revisados no site. Seu uso continuado do site ap\u00f3s a publica\u00e7\u00e3o das altera\u00e7\u00f5es constitui sua aceita\u00e7\u00e3o dos novos Termos de Uso.<br \/><br \/><\/li><li><strong> Rescis\u00e3o<\/strong> N\u00f3s podemos rescindir ou suspender seu acesso ao site, sem aviso pr\u00e9vio, por qualquer motivo, incluindo, mas n\u00e3o limitado a viola\u00e7\u00e3o destes Termos de Uso. Em caso de rescis\u00e3o, as disposi\u00e7\u00f5es aplic\u00e1veis destes Termos de Uso continuar\u00e3o em vigor.<br \/><br \/><\/li><li><strong> Lei Aplic\u00e1vel<\/strong> Estes Termos de Uso ser\u00e3o regidos e interpretados de acordo com as leis do Brasil, no estado de S\u00e3o Paulo, sem considerar seus conflitos de princ\u00edpios legais. Qualquer disputa decorrente destes Termos ser\u00e1 resolvida nos tribunais competentes.<br \/><br \/><\/li><li><strong> Contato<\/strong> Se voc\u00ea tiver d\u00favidas ou preocupa\u00e7\u00f5es sobre estes Termos de Uso, entre em contato conosco atrav\u00e9s do e-mail <a href=\"mailto:contato@arkdata.com.br\">contato@arkdata.com.br<\/a>.<\/li><\/ol>\t\t\t\t\t\t<\/div>\n\t\t\t\t<\/div>\n\t\t\t\t\t<\/div>\n\t\t\t\t<\/div>\n\t\t\t\t<\/div>\n\t\t","protected":false},"excerpt":{"rendered":"<p>Termos de Uso Bem-vindo ao site da\u00a0ARK CB. Ao acessar e utilizar nosso site, voc\u00ea concorda em cumprir e ser regido pelos seguintes Termos de Uso. Se voc\u00ea n\u00e3o concordar com estes termos, por favor, n\u00e3o utilize nosso site. Uso do Site\u00a0Voc\u00ea concorda em usar nosso site apenas para fins legais e de acordo com [&hellip;]<\/p>\n","protected":false},"author":1,"featured_media":0,"parent":0,"menu_order":0,"comment_status":"closed","ping_status":"closed","template":"","meta":{"footnotes":""},"class_list":["post-229","page","type-page","status-publish","hentry"],"_links":{"self":[{"href":"https:\/\/arkdata.com.br\/cb\/wp-json\/wp\/v2\/pages\/229","targetHints":{"allow":["GET"]}}],"collection":[{"href":"https:\/\/arkdata.com.br\/cb\/wp-json\/wp\/v2\/pages"}],"about":[{"href":"https:\/\/arkdata.com.br\/cb\/wp-json\/wp\/v2\/types\/page"}],"author":[{"embeddable":true,"href":"https:\/\/arkdata.com.br\/cb\/wp-json\/wp\/v2\/users\/1"}],"replies":[{"embeddable":true,"href":"https:\/\/arkdata.com.br\/cb\/wp-json\/wp\/v2\/comments?post=229"}],"version-history":[{"count":16,"href":"https:\/\/arkdata.com.br\/cb\/wp-json\/wp\/v2\/pages\/229\/revisions"}],"predecessor-version":[{"id":407,"href":"https:\/\/arkdata.com.br\/cb\/wp-json\/wp\/v2\/pages\/229\/revisions\/407"}],"wp:attachment":[{"href":"https:\/\/arkdata.com.br\/cb\/wp-json\/wp\/v2\/media?parent=229"}],"curies":[{"name":"wp","href":"https:\/\/api.w.org\/{rel}","templated":true}]}}