{"id":231,"date":"2024-11-05T07:24:27","date_gmt":"2024-11-05T10:24:27","guid":{"rendered":"https:\/\/arkdata.com.br\/cb\/?page_id=231"},"modified":"2026-01-21T15:57:09","modified_gmt":"2026-01-21T18:57:09","slug":"politica-de-privacidade","status":"publish","type":"page","link":"https:\/\/arkdata.com.br\/cb\/politica-de-privacidade\/","title":{"rendered":"Pol\u00edtica de Privacidade"},"content":{"rendered":"\t\t<div data-elementor-type=\"wp-page\" data-elementor-id=\"231\" class=\"elementor elementor-231\" data-elementor-post-type=\"page\">\n\t\t\t\t<div class=\"elementor-element elementor-element-df110d5 e-flex e-con-boxed e-con e-parent\" data-id=\"df110d5\" data-element_type=\"container\">\n\t\t\t\t\t<div class=\"e-con-inner\">\n\t\t\t\t<div class=\"elementor-element elementor-element-5e0ae74 elementor-widget elementor-widget-heading\" data-id=\"5e0ae74\" data-element_type=\"widget\" data-widget_type=\"heading.default\">\n\t\t\t\t<div class=\"elementor-widget-container\">\n\t\t\t<h2 class=\"elementor-heading-title elementor-size-default\">Pol\u00edtica de Privacidade \/ LGPD<\/h2>\t\t<\/div>\n\t\t\t\t<\/div>\n\t\t\t\t<div class=\"elementor-element elementor-element-a5146c4 elementor-widget elementor-widget-text-editor\" data-id=\"a5146c4\" data-element_type=\"widget\" data-widget_type=\"text-editor.default\">\n\t\t\t\t<div class=\"elementor-widget-container\">\n\t\t\t\t\t\t\t<h1><span style=\"color: var( --e-global-color-secondary ); font-family: 'M PLUS 1', sans-serif; font-size: 16px; font-weight: 400;\">N\u00f3s estamos preocupados com os seus dados.<\/span><\/h1><p>A\u00a0<strong>ARK CB<\/strong>\u00a0desenvolveu a presente Pol\u00edtica de Privacidade com base na Lei Geral de Prote\u00e7\u00e3o de Dados (LGPD), a fim de tratar, da forma mais transparente poss\u00edvel os seus usu\u00e1rios, colaboradores internos e externos, prestadores de servi\u00e7os, parceiros, e principalmente o seu cliente, as informa\u00e7\u00f5es cadastrais, pessoais e\/ou financeiras, e as regras gerais de coleta, uso, armazenamento, tratamento, prote\u00e7\u00e3o, compartilhamento e exclus\u00e3o de dados.<\/p><p>Todos os canais internos da ARK CB est\u00e3o submetidos a esta Pol\u00edtica, e podem ser ferramentas de obten\u00e7\u00e3o de informa\u00e7\u00f5es decorrentes da an\u00e1lise deste material.<br \/><span style=\"color: var( --e-global-color-secondary );\"><br \/>A ARK CB tratar\u00e1 apenas os Dados Pessoais para os quais tenha base legal, conforme definido na LGPD.<\/span><\/p><p>Caso o cliente final n\u00e3o concorde com a presente Pol\u00edtica, o mesmo n\u00e3o deve consentir com a aceita\u00e7\u00e3o de cr\u00e9dito, objetivo final de nossa institui\u00e7\u00e3o, e muito menos utilizar os servi\u00e7os dispon\u00edveis diretamente atrav\u00e9s da ARK CB e\/ou atrav\u00e9s de seus parceiros, colaboradores ou qualquer outro intermedi\u00e1rio.<\/p><p>N\u00e3o \u00e9 poss\u00edvel oferecer nossos servi\u00e7os sem ter acesso a dados pessoais. Ou seja, o tratamento dos dados pessoais \u00e9 condi\u00e7\u00e3o de acesso aos nossos servi\u00e7os.<\/p><p>O cliente final fica ciente que eventual solicita\u00e7\u00e3o de exclus\u00e3o de dados, de natureza imprescind\u00edvel \u00e0 continuidade da opera\u00e7\u00e3o, poder\u00e1 implicar no cancelamento dos servi\u00e7os prestados, ou na impossibilidade de atendimento da solicita\u00e7\u00e3o.<\/p><h2>1. O que \u00e9 LGPD?<\/h2><p>A Lei brasileira n\u00ba 13.709, de 14 de agosto de 2018 (Lei Geral de Prote\u00e7\u00e3o aos Dados \u2013 LGPD), \u00e9 um conjunto de regras, normas e direitos sobre o uso de dados pessoais, que protege e viabiliza os direitos individuais de privacidade e prote\u00e7\u00e3o aos dados pessoais.<\/p><p>2. Quais ser\u00e3o os dados coletados?<\/p><p>A ARK CB trata dados pessoais daqueles que tem ou tiveram relacionamento conosco, seja na condi\u00e7\u00e3o de cliente, representante, procurador, empregado, parceiro de neg\u00f3cios, prestadores de servi\u00e7o, colaboradores, empresa ou entidade com a qual nos relacionamos, e que realizaram alguma transa\u00e7\u00e3o conosco ou com nossos clientes, parceiros, fornecedores e prestadores de servi\u00e7o.<\/p><p>A ARK CB poder\u00e1 coletar e utilizar diversos dados dos seus clientes durante a contrata\u00e7\u00e3o de seus servi\u00e7os e produtos, os quais podem ser classificados em diversas categorias, conforme a finalidade de uso:<\/p><ul><li><strong>Dados Cadastrais:<\/strong>\u00a0dados que identificam pessoalmente cada indiv\u00edduo, seja atrav\u00e9s de nome, data de nascimento, RG, CPF e\/ou outros documentos de identifica\u00e7\u00e3o, como carteira de habilita\u00e7\u00e3o e carteiras de classe profissional, foto, endere\u00e7o residencial e comercial, telefones residencial, comercial e celular, e-mail, profiss\u00e3o, ocupa\u00e7\u00e3o, estado civil, nacionalidade, naturalidade, PEP \u2013 pessoa politicamente exposta, entre outros.<\/li><li><strong>Dados Pessoais Sens\u00edveis:<\/strong>\u00a0categoria especial de dados pessoais, referentes a origem racial ou \u00e9tnica, convic\u00e7\u00e3o religiosa, opini\u00e3o pol\u00edtica, filia\u00e7\u00e3o a sindicato ou a organiza\u00e7\u00e3o de car\u00e1ter religioso, filos\u00f3fico ou pol\u00edtico, dado referente \u00e0 sa\u00fade ou \u00e0 vida sexual, dado gen\u00e9tico ou biom\u00e9trico, quando vinculado a uma pessoa natural;<p>Ressaltamos que, na an\u00e1lise necess\u00e1ria para obten\u00e7\u00e3o de cr\u00e9dito, n\u00e3o s\u00e3o utilizados dados sens\u00edveis.<\/p><p>A utiliza\u00e7\u00e3o de dados sens\u00edveis pode ser feita, por exemplo, na coleta de dados biom\u00e9tricos, necess\u00e1rios para certificar a identidade do titular e\/ou por quest\u00f5es de preven\u00e7\u00e3o a fraudes e seguran\u00e7a.<\/p><\/li><li><strong>Dados Financeiros:<\/strong>\u00a0dados de opera\u00e7\u00f5es e movimenta\u00e7\u00f5es financeiras de nossos clientes provenientes de opera\u00e7\u00f5es financeiras e \u00f3rg\u00e3os de an\u00e1lise de cr\u00e9dito, estabelecidas pelo mercado financeiro como SCR, SERASA, SPC, entre outros.<\/li><li><strong>Dados de navega\u00e7\u00e3o:<\/strong>\u00a0dados referentes a sua navega\u00e7\u00e3o em nosso site.<\/li><li><strong>Informa\u00e7\u00f5es sobre Dispositivos:<\/strong>\u00a0informa\u00e7\u00f5es sobre o dispositivo utilizado para acessar nossa Plataforma.<\/li><\/ul><p>Esclarecemos que A ARK CB <em><strong>n\u00e3o trabalha<\/strong><\/em>\u00a0solu\u00e7\u00f5es, produtos e servi\u00e7os destinados a crian\u00e7as e adolescentes.<\/p><h2>3. Quais s\u00e3o as fontes de dados coletados?<\/h2><p>A ARK CB recebe ou coleta dados pessoais atrav\u00e9s de navega\u00e7\u00f5es na plataforma e fornecimento de informa\u00e7\u00f5es por cadastros ou formul\u00e1rios, an\u00e1lise de cr\u00e9dito, contrata\u00e7\u00e3o de servi\u00e7os, contatos em nossos canais de atendimento, entre outros formas. Tamb\u00e9m recebemos dados pessoais para operacionaliza\u00e7\u00e3o de transa\u00e7\u00f5es nas quais o Titular seja o benefici\u00e1rio.<\/p><p>A ARK CB, al\u00e9m de obter e capturar informa\u00e7\u00f5es dos seus canais, solu\u00e7\u00f5es, produtos e servi\u00e7os disponibilizados em sites, aplicativos, ferramentas de integra\u00e7\u00e3o e redes sociais, tamb\u00e9m poder\u00e1 obter informa\u00e7\u00f5es de clientes finais, a partir de informa\u00e7\u00f5es obtidas diretamente com parceiros, correspondentes banc\u00e1rios, fontes p\u00fablicas ou ferramentas de mercado dispon\u00edveis para obten\u00e7\u00e3o de informa\u00e7\u00f5es.<\/p><p>Para conhecimento, a ARK CB poder\u00e1 utilizar acesso a p\u00e1ginas de sites ou APPs, cookies, tags, e objetos diversos de Internet como scripts, integra\u00e7\u00f5es por APIs, webviwes, iframes, controle de IP, etc. Caso haja interesse de bloquear o uso destas ferramentas, o objetivo final da contrata\u00e7\u00e3o de um servi\u00e7o ou produto poder\u00e1 n\u00e3o ser atendido.<\/p><p>Com a aceita\u00e7\u00e3o e interesse de contrata\u00e7\u00e3o dos nossos produtos e servi\u00e7os, seja automaticamente, e tamb\u00e9m atrav\u00e9s de cl\u00e1usula destacada, o nosso cliente concorda de forma livre, espont\u00e2nea e volunt\u00e1ria com o compartilhamento dos seus dados direta ou indiretamente, concordando ainda estar livre de d\u00favidas sobre esta pol\u00edtica e sobre sua execu\u00e7\u00e3o, e da Lei Geral de Prote\u00e7\u00e3o de Dados.<\/p><p>Voc\u00ea ser\u00e1 o \u00fanico e exclusivo respons\u00e1vel pela qualidade e veracidade dos dados Pessoais fornecidos \u00e0 ARK CB na realiza\u00e7\u00e3o do seu cadastro, cota\u00e7\u00e3o e\/ou contrata\u00e7\u00e3o de eventuais produtos ou servi\u00e7os. A ARK CB n\u00e3o possui qualquer responsabilidade pela veracidade dos dados fornecidos, bem como por eventuais danos decorrentes da inexatid\u00e3o e\/ou desatualiza\u00e7\u00e3o de referidas informa\u00e7\u00f5es.<\/p><p>Podemos utilizar certas tecnologias de monitoramento das atividades realizadas no site. Esta tecnologia coleta informa\u00e7\u00f5es que ser\u00e3o utilizadas em medi\u00e7\u00f5es de performance, identifica\u00e7\u00e3o de problemas no uso, captar o comportamento dos usu\u00e1rios de forma geral e coletar dados de impress\u00e3o de conte\u00fado. Os cookies s\u00e3o esta tecnologia de monitoramento.<\/p><p>Ressaltamos que utilizamos cookies necess\u00e1rios para o funcionamento correto do site e servi\u00e7os oferecidos, e que qualquer altera\u00e7\u00e3o do usu\u00e1rio no navegador de sua prefer\u00eancia poder\u00e1 afetar o funcionamento, bem como aspectos de seguran\u00e7a da informa\u00e7\u00e3o.<\/p><h2>4. Como poderemos utilizar a sua informa\u00e7\u00e3o.<\/h2><p>A ARK CB e seus parceiros, correspondentes e colaboradores poder\u00e1 utilizar os dados coletados para uma s\u00e9rie de prop\u00f3sitos, incluindo, mas n\u00e3o se limitando:<\/p><ul><li>Iniciar, administrar ou rescindir contratos com os Usu\u00e1rios<\/li><li>Informar sobre produtos e servi\u00e7os que possam ser de interesse dos Usu\u00e1rios<\/li><li>Facilitar a identifica\u00e7\u00e3o do perfil e necessidades dos Usu\u00e1rios<\/li><li>Elaborar estudos e estat\u00edsticas<\/li><li>Cumprir obriga\u00e7\u00f5es legais e regulat\u00f3rias<\/li><li>Tomar decis\u00f5es automatizadas (incluindo a cria\u00e7\u00e3o de perfis) com a finalidade de realizar c\u00e1lculo de contrata\u00e7\u00f5es, pontua\u00e7\u00e3o e score<\/li><li>Compartilhar dados com parceiros, prestadores de servi\u00e7os, bureaus de cr\u00e9dito cadastrais e\/ou restritivos, SCR Bacen, ou outros que lhe permitam como controlador e operador, efetuar a an\u00e1lise necess\u00e1ria a conclus\u00e3o e entrega de seus produtos e servi\u00e7os<\/li><li>Processar e cumprir pedidos, e fornecer as informa\u00e7\u00f5es e os servi\u00e7os da ARK CB que foram solicitados<\/li><li>Fornecer ao titular alertas, mensagens e boletins informativos que registrou para receber<\/li><li>Fornecer mensagens de servi\u00e7os, incluindo mensagens para notific\u00e1-lo sobre altera\u00e7\u00f5es nos servi\u00e7os do ARK CB ou altera\u00e7\u00f5es nos nossos termos, condi\u00e7\u00f5es e pol\u00edticas.<\/li><li>Cess\u00f5es de cr\u00e9dito e transfer\u00eancia de direitos e deveres<\/li><li>Instru\u00e7\u00e3o e defesa de processos judiciais, administrativos ou arbitrais.<\/li><li>Realiza\u00e7\u00e3o de auditorias internas e externas.<\/li><li>Cumprimento de obriga\u00e7\u00f5es contratuais<\/li><li>Realiza\u00e7\u00e3o de cobran\u00e7as, extrajudicial ou judicial<\/li><li>Comunica\u00e7\u00e3o e contato com clientes e titulares<\/li><li>Esclarecimento de d\u00favidas e reclama\u00e7\u00f5es e gest\u00e3o de canais de atendimento<\/li><li>Garantir maior seguran\u00e7a e prevenir fraudes<\/li><li>Assegurar sua adequada identifica\u00e7\u00e3o, qualifica\u00e7\u00e3o e autentica\u00e7\u00e3o<\/li><li>Prevenir atos relacionados \u00e0 lavagem de dinheiro e outros atos il\u00edcitos<\/li><li>Conhecer perfil de risco de cr\u00e9dito e realizar an\u00e1lise de cr\u00e9dito<\/li><li>Outras hip\u00f3teses baseadas em finalidades leg\u00edtimas, como apoio e promo\u00e7\u00e3o de atividades da ARK CB, ou para a presta\u00e7\u00e3o de servi\u00e7os que beneficiem os clientes<\/li><\/ul><h2>5. Tempo de Armazenamento<\/h2><p>Os dados s\u00e3o armazenados e ser\u00e3o eliminados quando atingirem os fins a que se destinam, ou quando solicitado pelo Titular, desde que a elimina\u00e7\u00e3o n\u00e3o interfira no cumprimento de obriga\u00e7\u00e3o legal ou regulat\u00f3ria, e inclusive para o exerc\u00edcio de direitos em processos judiciais ou administrativos.<\/p><h2>6. Como protegemos a sua informa\u00e7\u00e3o.<\/h2><ul><li>Uso de controle restrito sobre o acesso aos dados mediante a defini\u00e7\u00e3o de responsabilidades das pessoas que ter\u00e3o possibilidade de acesso, e de privil\u00e9gios m\u00ednimos de acesso exclusivo para determinados respons\u00e1veis.<\/li><li>Uso de mecanismos de autentica\u00e7\u00e3o de acesso aos registros.<\/li><li>Uso de pol\u00edtica de senha que possua uma padroniza\u00e7\u00e3o de senha forte e bloqueio por tentativas sem sucesso.<\/li><li>Os ambientes onde ser\u00e3o tratados dados s\u00e3o monitorados por meio de solu\u00e7\u00f5es nacionais e internacionais de prote\u00e7\u00e3o de acesso aos dados, e controle de invasores e outros.<\/li><li>Dados s\u00e3o armazenados em banco de dados protegidos por empresas terceiras, especializadas em seguran\u00e7a e controle da informa\u00e7\u00e3o.<\/li><li>Respeitamos as principais pr\u00e1ticas de mercado, ambientes seguros, sem acesso humano, com controles de senhas e ferramentas que protegem o per\u00edmetro e toda forma de acesso.<\/li><li>Armazenamos os seus dados em acordo com as obriga\u00e7\u00f5es legais das entidades do governo que regem a nossa opera\u00e7\u00e3o como Banco Central do Brasil, Sistema Brasileiro de Pagamentos (SPB), entre outros.<\/li><li>Os dados poder\u00e3o ser processados dentro e fora do Brasil por uma quest\u00e3o de replica\u00e7\u00e3o de dados e seguran\u00e7a da informa\u00e7\u00e3o, mas, o controle, gest\u00e3o e manuten\u00e7\u00e3o dos dados \u00e9 exclusivo da ARK CB, respeitando-se todas as regras e formalidades aqui discutidas.<\/li><li>Todos os controles e armazenamentos, respeitam as normais legais e regulat\u00f3rias vigentes no ambiente brasileiro.<\/li><li>Como todo armazenamento de dados no mundo WEB, respeitamos todas as regras e normas poss\u00edveis, e, utilizamos fornecedores profundamente reconhecidos no \u00e2mbito nacional e internacional, todavia, n\u00e3o podemos garantir, assim como todos os fornecedores de solu\u00e7\u00f5es em Internet do mundo, a inviolabilidade de acesso a dados. E na remota hip\u00f3tese da ocorr\u00eancia de epis\u00f3dios desta natureza, adotaremos todos os esfor\u00e7os para apresenta\u00e7\u00e3o de solu\u00e7\u00e3o.<\/li><\/ul><h2>7. Direitos e deveres dos clientes<\/h2><p>A ARK CB disponibilizar\u00e1 aos seus clientes, uma vez que solicitado, acesso aos seus dados cadastrais e financeiros, ajustes nos mesmos e exclus\u00e3o dos mesmos, desde que sua solicita\u00e7\u00e3o n\u00e3o afete as regras e san\u00e7\u00f5es legais de armazenamento impostas \u00e0 ARK CB como entidade financeira.<\/p><p>O exerc\u00edcio deste direito deve ser feito atrav\u00e9s de requisi\u00e7\u00e3o em nossos canais de atendimento.<\/p><p>O acesso aos seus dados, seja por entrega de informa\u00e7\u00f5es ou manuten\u00e7\u00e3o\/uso acessos por identifica\u00e7\u00e3o e senhas, \u00e9 de total responsabilidade de nosso cliente, logo, cabe ao mesmo zelar pelo seu armazenamento e n\u00e3o compartilhamento.<\/p><h2>8. Legisla\u00e7\u00e3o<\/h2><p>Esta Pol\u00edtica ser\u00e1 regida, interpretada e executada de acordo com as leis da Rep\u00fablica Federativa do Brasil, independentemente dos conflitos dessas leis com leis de outros estados ou pa\u00edses, sendo competente o Foro do local de resid\u00eancia do cliente, no Brasil, para dirimir qualquer d\u00favida decorrente deste instrumento. O cliente consente, expressamente, com a compet\u00eancia desse ju\u00edzo, e ren\u00fancia, neste ato, \u00e0 compet\u00eancia de qualquer outro foro, por mais privilegiado que seja ou venha a ser.<\/p><p>Nos reservamos o direito de modificar, alterar, acrescentar ou remover partes deste documento a qualquer momento.<\/p><h2>9. Fale Conosco<\/h2><p>Em caso de d\u00favidas sobre a Lei LGPD e Pol\u00edtica de Privacidade, n\u00e3o hesite em nos questionar diretamente pelo telefone ARK CB, Redes Sociais, ou e-mail <a href=\"mailto:contato@arkdata.com.br\">contato@arkdata.com.br<\/a>.<\/p><p>Telefone: 11 4872-3548 \u2013 Encarregado pelo Tratamento dos Dados Pessoais (LGPD) \u2013 Everton Ribeiro.<\/p><p><strong>O respeito a sua informa\u00e7\u00e3o cadastral, pessoal e\/ou financeira \u00e9 nossa responsabilidade e prioridade, e, para n\u00f3s, a transpar\u00eancia nos tratamentos da mesma, \u00e9 o maior objetivo.<\/strong><\/p>\t\t\t\t\t\t<\/div>\n\t\t\t\t<\/div>\n\t\t\t\t\t<\/div>\n\t\t\t\t<\/div>\n\t\t\t\t<\/div>\n\t\t","protected":false},"excerpt":{"rendered":"<p>Pol\u00edtica de Privacidade \/ LGPD N\u00f3s estamos preocupados com os seus dados. A\u00a0ARK CB\u00a0desenvolveu a presente Pol\u00edtica de Privacidade com base na Lei Geral de Prote\u00e7\u00e3o de Dados (LGPD), a fim de tratar, da forma mais transparente poss\u00edvel os seus usu\u00e1rios, colaboradores internos e externos, prestadores de servi\u00e7os, parceiros, e principalmente o seu cliente, as [&hellip;]<\/p>\n","protected":false},"author":1,"featured_media":0,"parent":0,"menu_order":0,"comment_status":"closed","ping_status":"closed","template":"","meta":{"footnotes":""},"class_list":["post-231","page","type-page","status-publish","hentry"],"_links":{"self":[{"href":"https:\/\/arkdata.com.br\/cb\/wp-json\/wp\/v2\/pages\/231","targetHints":{"allow":["GET"]}}],"collection":[{"href":"https:\/\/arkdata.com.br\/cb\/wp-json\/wp\/v2\/pages"}],"about":[{"href":"https:\/\/arkdata.com.br\/cb\/wp-json\/wp\/v2\/types\/page"}],"author":[{"embeddable":true,"href":"https:\/\/arkdata.com.br\/cb\/wp-json\/wp\/v2\/users\/1"}],"replies":[{"embeddable":true,"href":"https:\/\/arkdata.com.br\/cb\/wp-json\/wp\/v2\/comments?post=231"}],"version-history":[{"count":16,"href":"https:\/\/arkdata.com.br\/cb\/wp-json\/wp\/v2\/pages\/231\/revisions"}],"predecessor-version":[{"id":422,"href":"https:\/\/arkdata.com.br\/cb\/wp-json\/wp\/v2\/pages\/231\/revisions\/422"}],"wp:attachment":[{"href":"https:\/\/arkdata.com.br\/cb\/wp-json\/wp\/v2\/media?parent=231"}],"curies":[{"name":"wp","href":"https:\/\/api.w.org\/{rel}","templated":true}]}}